{"id":3232,"date":"2023-06-29T14:41:04","date_gmt":"2023-06-29T14:41:04","guid":{"rendered":"http:\/\/marissaar.com\/?post_type=product&#038;p=3232"},"modified":"2023-07-19T09:24:45","modified_gmt":"2023-07-19T09:24:45","slug":"emotsionaalse-soomise-lopetamine","status":"publish","type":"product","link":"https:\/\/marissaar.com\/et\/toode\/emotsionaalse-soomise-lopetamine\/","title":{"rendered":"Emotsionaalse s\u00f6\u00f6mise l\u00f5petamine"},"content":{"rendered":"","protected":false},"excerpt":{"rendered":"","protected":false},"featured_media":3823,"template":"","meta":[],"product_cat":[62],"product_tag":[],"class_list":{"0":"post-3232","1":"product","2":"type-product","3":"status-publish","4":"has-post-thumbnail","6":"product_cat-uncategorized-et","8":"first","9":"instock","10":"shipping-taxable","11":"purchasable","12":"product-type-simple"},"_links":{"self":[{"href":"https:\/\/marissaar.com\/et\/wp-json\/wp\/v2\/product\/3232"}],"collection":[{"href":"https:\/\/marissaar.com\/et\/wp-json\/wp\/v2\/product"}],"about":[{"href":"https:\/\/marissaar.com\/et\/wp-json\/wp\/v2\/types\/product"}],"wp:featuredmedia":[{"embeddable":true,"href":"https:\/\/marissaar.com\/et\/wp-json\/wp\/v2\/media\/3823"}],"wp:attachment":[{"href":"https:\/\/marissaar.com\/et\/wp-json\/wp\/v2\/media?parent=3232"}],"wp:term":[{"taxonomy":"product_cat","embeddable":true,"href":"https:\/\/marissaar.com\/et\/wp-json\/wp\/v2\/product_cat?post=3232"},{"taxonomy":"product_tag","embeddable":true,"href":"https:\/\/marissaar.com\/et\/wp-json\/wp\/v2\/product_tag?post=3232"}],"curies":[{"name":"wp","href":"https:\/\/api.w.org\/{rel}","templated":true}]}}