{"id":1784,"date":"2022-08-15T08:41:14","date_gmt":"2022-08-15T05:41:14","guid":{"rendered":"http:\/\/marissaar.com\/cart\/"},"modified":"2023-09-07T10:22:57","modified_gmt":"2023-09-07T07:22:57","slug":"ostukorv","status":"publish","type":"page","link":"https:\/\/marissaar.com\/et\/ostukorv\/","title":{"rendered":"Ostukorv"},"content":{"rendered":"\t\t<div data-elementor-type=\"wp-page\" data-elementor-id=\"1784\" class=\"elementor elementor-1784 elementor-241\" data-elementor-post-type=\"page\">\n\t\t\t\t\t\t<section class=\"elementor-section elementor-top-section elementor-element elementor-element-fa064ac elementor-section-height-min-height elementor-section-items-bottom elementor-section-boxed elementor-section-height-default\" data-id=\"fa064ac\" data-element_type=\"section\" data-settings=\"{&quot;background_background&quot;:&quot;classic&quot;,&quot;jet_parallax_layout_list&quot;:[]}\">\n\t\t\t\t\t\t\t<div class=\"elementor-background-overlay\"><\/div>\n\t\t\t\t\t\t\t<div class=\"elementor-container elementor-column-gap-default\">\n\t\t\t\t\t<div class=\"elementor-column elementor-col-100 elementor-top-column elementor-element elementor-element-c5ec48d\" data-id=\"c5ec48d\" data-element_type=\"column\">\n\t\t\t<div class=\"elementor-widget-wrap elementor-element-populated\">\n\t\t\t\t\t\t<section class=\"elementor-section elementor-inner-section elementor-element elementor-element-ab7bab2 elementor-section-boxed elementor-section-height-default elementor-section-height-default\" data-id=\"ab7bab2\" data-element_type=\"section\" data-settings=\"{&quot;jet_parallax_layout_list&quot;:[]}\">\n\t\t\t\t\t\t<div class=\"elementor-container elementor-column-gap-default\">\n\t\t\t\t\t<div class=\"elementor-column elementor-col-50 elementor-inner-column elementor-element elementor-element-98c9ade\" data-id=\"98c9ade\" data-element_type=\"column\">\n\t\t\t<div class=\"elementor-widget-wrap elementor-element-populated\">\n\t\t\t\t\t\t<div class=\"elementor-element elementor-element-e1eaaba elementor-widget elementor-widget-text-editor\" data-id=\"e1eaaba\" data-element_type=\"widget\" data-widget_type=\"text-editor.default\">\n\t\t\t\t<div class=\"elementor-widget-container\">\n\t\t\t\t\t\t\t<p>Sinu ostukorv<\/p>\t\t\t\t\t\t<\/div>\n\t\t\t\t<\/div>\n\t\t\t\t\t<\/div>\n\t\t<\/div>\n\t\t\t\t<div class=\"elementor-column elementor-col-50 elementor-inner-column elementor-element elementor-element-7e881a0\" data-id=\"7e881a0\" data-element_type=\"column\">\n\t\t\t<div class=\"elementor-widget-wrap\">\n\t\t\t\t\t\t\t<\/div>\n\t\t<\/div>\n\t\t\t\t\t<\/div>\n\t\t<\/section>\n\t\t\t\t\t<\/div>\n\t\t<\/div>\n\t\t\t\t\t<\/div>\n\t\t<\/section>\n\t\t\t\t<section class=\"elementor-section elementor-top-section elementor-element elementor-element-7470c2e elementor-section-boxed elementor-section-height-default elementor-section-height-default\" data-id=\"7470c2e\" data-element_type=\"section\" data-settings=\"{&quot;background_background&quot;:&quot;classic&quot;,&quot;jet_parallax_layout_list&quot;:[]}\">\n\t\t\t\t\t\t<div class=\"elementor-container elementor-column-gap-default\">\n\t\t\t\t\t<div class=\"elementor-column elementor-col-100 elementor-top-column elementor-element elementor-element-507394f\" data-id=\"507394f\" data-element_type=\"column\">\n\t\t\t<div class=\"elementor-widget-wrap elementor-element-populated\">\n\t\t\t\t\t\t<div class=\"elementor-element elementor-element-aada14f elementor-widget elementor-widget-woocommerce-notices\" data-id=\"aada14f\" data-element_type=\"widget\" data-widget_type=\"woocommerce-notices.default\">\n\t\t\t\t<div class=\"elementor-widget-container\">\n\t\t\t\t\t<style>\n\t\t\t.woocommerce-notices-wrapper,\n\t\t\t.woocommerce-message,\n\t\t\t.woocommerce-error,\n\t\t\t.woocommerce-info {\n\t\t\t\tdisplay: none;\n\t\t\t}\n\t\t<\/style>\n\t\t\t\t\t<div class=\"e-woocommerce-notices-wrapper e-woocommerce-notices-wrapper-loading\">\n\t\t\t\t<div class=\"woocommerce-notices-wrapper\"><\/div>\t\t\t<\/div>\n\t\t\t\t\t<\/div>\n\t\t\t\t<\/div>\n\t\t\t\t\t<\/div>\n\t\t<\/div>\n\t\t\t\t\t<\/div>\n\t\t<\/section>\n\t\t\t\t<section class=\"elementor-section elementor-top-section elementor-element elementor-element-e5ee225 elementor-section-boxed elementor-section-height-default elementor-section-height-default\" data-id=\"e5ee225\" data-element_type=\"section\" data-settings=\"{&quot;background_background&quot;:&quot;classic&quot;,&quot;jet_parallax_layout_list&quot;:[]}\">\n\t\t\t\t\t\t<div class=\"elementor-container elementor-column-gap-default\">\n\t\t\t\t\t<div class=\"elementor-column elementor-col-100 elementor-top-column elementor-element elementor-element-263865b\" data-id=\"263865b\" data-element_type=\"column\">\n\t\t\t<div class=\"elementor-widget-wrap elementor-element-populated\">\n\t\t\t\t\t\t<div class=\"elementor-element elementor-element-ac1560d elementor-widget elementor-widget-menu-anchor\" data-id=\"ac1560d\" data-element_type=\"widget\" data-widget_type=\"menu-anchor.default\">\n\t\t\t\t<div class=\"elementor-widget-container\">\n\t\t\t\t\t<div class=\"elementor-menu-anchor\" id=\"testimonials\"><\/div>\n\t\t\t\t<\/div>\n\t\t\t\t<\/div>\n\t\t\t\t<div class=\"elementor-element elementor-element-01a7911 elementor-widget elementor-widget-text-editor\" data-id=\"01a7911\" data-element_type=\"widget\" data-widget_type=\"text-editor.default\">\n\t\t\t\t<div class=\"elementor-widget-container\">\n\t\t\t\t\t\t\t<p>Klientide tagasiside<\/p>\t\t\t\t\t\t<\/div>\n\t\t\t\t<\/div>\n\t\t\t\t<div class=\"elementor-element elementor-element-cdfec6c elementor-widget elementor-widget-text-editor\" data-id=\"cdfec6c\" data-element_type=\"widget\" data-widget_type=\"text-editor.default\">\n\t\t\t\t<div class=\"elementor-widget-container\">\n\t\t\t\t\t\t\tMillist m\u00f5ju on seansid <span style=\"color: #cd9b38;\"> osalejas loonud<\/span>?\t\t\t\t\t\t<\/div>\n\t\t\t\t<\/div>\n\t\t\t\t<div class=\"elementor-element elementor-element-07e6ab9 elementor-testimonial--layout-image_stacked elementor-testimonial--mobile-align-center elementor-testimonial--skin-default elementor-testimonial--align-center elementor-arrows-yes elementor-pagination-type-bullets elementor-widget elementor-widget-testimonial-carousel\" data-id=\"07e6ab9\" data-element_type=\"widget\" data-settings=\"{&quot;space_between&quot;:{&quot;unit&quot;:&quot;px&quot;,&quot;size&quot;:20,&quot;sizes&quot;:[]},&quot;show_arrows&quot;:&quot;yes&quot;,&quot;pagination&quot;:&quot;bullets&quot;,&quot;speed&quot;:500,&quot;autoplay&quot;:&quot;yes&quot;,&quot;autoplay_speed&quot;:5000,&quot;loop&quot;:&quot;yes&quot;,&quot;pause_on_hover&quot;:&quot;yes&quot;,&quot;pause_on_interaction&quot;:&quot;yes&quot;,&quot;space_between_tablet&quot;:{&quot;unit&quot;:&quot;px&quot;,&quot;size&quot;:10,&quot;sizes&quot;:[]},&quot;space_between_mobile&quot;:{&quot;unit&quot;:&quot;px&quot;,&quot;size&quot;:10,&quot;sizes&quot;:[]}}\" data-widget_type=\"testimonial-carousel.default\">\n\t\t\t\t<div class=\"elementor-widget-container\">\n\t\t\t\t\t<div class=\"elementor-swiper\">\n\t\t\t<div class=\"elementor-main-swiper swiper\">\n\t\t\t\t<div class=\"swiper-wrapper\">\n\t\t\t\t\t\t\t\t\t\t\t<div class=\"swiper-slide\">\n\t\t\t\t\t\t\t\t\t<div class=\"elementor-testimonial\">\n\t\t\t\t\t\t\t<div class=\"elementor-testimonial__content\">\n\t\t\t\t\t<div class=\"elementor-testimonial__text\">\n\t\t\t\t\t\tMa hindan k\u00f5rgelt efektiivsust ja targalt tulemusteni j\u00f5udmist. Seet\u00f5ttu on just koost\u00f6\u00f6 Marisega olnud minu jaoks \u00e4\u00e4rmiselt nauditav ja tulemuslik. H\u00fcpnoosi sessioonide ajal olen tundud end kindlates k\u00e4tes, toetatud ja hoituna. Maris on oma t\u00f6\u00f6s v\u00e4ga professionaalne ja leiab kiiresti probleemide tuump\u00f5hjused ning lahendused nende p\u00f5hjuste muutmiseks. Minu jaoks on olnud h\u00fcpnoosi kogemus uus, kuid Marise kogemustepagas v\u00f5imaldab tal leida alati k\u00f5ige kergema viisi, kuidas aidata mul kontrollist lahti lasta ja lubada endal sessioonist maksimum v\u00f5tta. K\u00f5ige p\u00f5nevam on olnud mul kogeda  h\u00fcpnoosi tulemusel tekkinud muutuseid ja m\u00e4rgata, kuidas teen teistsugusied valikuid ning otsuseid, mis ei ole enam minu sisemistest piirangutest piiratud.\t\t\t\t\t<\/div>\n\t\t\t\t\t\t\t\t\t<\/div>\n\t\t\t\t\t\t<div class=\"elementor-testimonial__footer\">\n\t\t\t\t\t\t\t\t\t<div class=\"elementor-testimonial__image\">\n\t\t\t\t\t\t<img decoding=\"async\" src=\"https:\/\/marissaar.com\/wp-content\/uploads\/2022\/08\/Annela-Aun-testimonial.jpg\" alt=\"Annela Aun\">\n\t\t\t\t\t\t\t\t\t\t\t<\/div>\n\t\t\t\t\t\t\t\t<cite class=\"elementor-testimonial__cite\"><span class=\"elementor-testimonial__name\">Annela Aun<\/span><span class=\"elementor-testimonial__title\">Ettev\u00f5tja | Ettev\u00f5tluscoach<\/span><\/cite>\t\t\t<\/div>\n\t\t<\/div>\n\t\t\t\t\t\t\t\t<\/div>\n\t\t\t\t\t\t\t\t\t\t\t<div class=\"swiper-slide\">\n\t\t\t\t\t\t\t\t\t<div class=\"elementor-testimonial\">\n\t\t\t\t\t\t\t<div class=\"elementor-testimonial__content\">\n\t\t\t\t\t<div class=\"elementor-testimonial__text\">\n\t\t\t\t\t\tMarise koolitused on hoopis teisel tasemel! Ta on h\u00e4mmastav ruumi loomisel, kus k\u00f5ik osalejad tunnevad end kaasatuna ja pole kordagi tunnet, et oled kogu teabe saamiseks liiga v\u00e4sinud v\u00f5i on raske keskenduda. Tema energia ja viis, kuidas ta oma kursusi korraldab, aitab k\u00f5igil osalejatel p\u00fcsida teravana ja saada maksimaalselt teadmisi ning harjutada l\u00e4bi praktiliste harjutuste. Ta on v\u00e4ga professionaalne ja tema koolitused on v\u00e4ga kvaliteetsed. Lisav\u00e4\u00e4rtust annab iga inimese eelistuste arvestamine ning ta on abiks ja juhendamas ka p\u00e4rast koolitust.\t\t\t\t\t<\/div>\n\t\t\t\t\t\t\t\t\t<\/div>\n\t\t\t\t\t\t<div class=\"elementor-testimonial__footer\">\n\t\t\t\t\t\t\t\t\t<div class=\"elementor-testimonial__image\">\n\t\t\t\t\t\t<img decoding=\"async\" src=\"https:\/\/marissaar.com\/wp-content\/uploads\/2022\/09\/Christian-1.jpg\" alt=\"Christjan Schumann\">\n\t\t\t\t\t\t\t\t\t\t\t<\/div>\n\t\t\t\t\t\t\t\t<cite class=\"elementor-testimonial__cite\"><span class=\"elementor-testimonial__name\">Christjan Schumann<\/span><span class=\"elementor-testimonial__title\">Partner & COO - Cleanbeat | Ettev\u00f5tlus & Juhtimiskonsultant ning coach<\/span><\/cite>\t\t\t<\/div>\n\t\t<\/div>\n\t\t\t\t\t\t\t\t<\/div>\n\t\t\t\t\t\t\t\t\t\t\t<div class=\"swiper-slide\">\n\t\t\t\t\t\t\t\t\t<div class=\"elementor-testimonial\">\n\t\t\t\t\t\t\t<div class=\"elementor-testimonial__content\">\n\t\t\t\t\t<div class=\"elementor-testimonial__text\">\n\t\t\t\t\t\tIga inimese elutee on eriline ja erinev. Kas koolitusele tulla v\u00f5i mitte, ei olnud minu puhul k\u00fcsimus, sest vajadus midagi uut ja p\u00f5nevat leida oli s\u00fcdames juba pikemat aega k\u00e4\u00e4rinud ning varasemalt \u00f5pitud coaching, mida kohe harjutada ei saanud, lisas motivatsiooni. Koolitusprogrammi lugedes sain aru, et selles on k\u00f5ik vajalik olemas ning \u00f5ppeprotsessi k\u00e4igus lisandus nii palju p\u00f5nevat, et olen juba t\u00e4na siiralt t\u00e4nulik ja \u00f5nnelik oma avardunud maailmapildi \u00fcle! Noh, koolitaja Maris, ma ei oska rohkem k\u00fcsida, sest professionaalsus, toetus ja usaldus ning lood kogemustest t\u00e4iendasid \u00fcksteist kogu kursuse jooksul. Usaldagem oma s\u00fcdameh\u00e4\u00e4lt ja julgegem proovida uusi kogemusi, \u00f5ppida ja areneda! Ait\u00e4h Maris juba t\u00e4na!\t\t\t\t\t<\/div>\n\t\t\t\t\t\t\t\t\t<\/div>\n\t\t\t\t\t\t<div class=\"elementor-testimonial__footer\">\n\t\t\t\t\t\t\t\t\t<div class=\"elementor-testimonial__image\">\n\t\t\t\t\t\t<img decoding=\"async\" src=\"https:\/\/marissaar.com\/wp-content\/uploads\/2022\/08\/Heila-Tabas.jpg\" alt=\"Helia Tabas\">\n\t\t\t\t\t\t\t\t\t\t\t<\/div>\n\t\t\t\t\t\t\t\t<cite class=\"elementor-testimonial__cite\"><span class=\"elementor-testimonial__name\">Helia Tabas<\/span><span class=\"elementor-testimonial__title\">Personalijuht | Life Coach, H\u00fcpnoterapeut<\/span><\/cite>\t\t\t<\/div>\n\t\t<\/div>\n\t\t\t\t\t\t\t\t<\/div>\n\t\t\t\t\t\t\t\t\t\t\t<div class=\"swiper-slide\">\n\t\t\t\t\t\t\t\t\t<div class=\"elementor-testimonial\">\n\t\t\t\t\t\t\t<div class=\"elementor-testimonial__content\">\n\t\t\t\t\t<div class=\"elementor-testimonial__text\">\n\t\t\t\t\t\tPraktika ja \u00f5pe meeldis sedav\u00f5rd, et selline kursus v\u00f5ikski regulaarselt veel j\u00e4tkuda. Soovin meile k\u00f5igile rahu teadmises, et meil on siiras tahe ja teadmised elumuutvateks kohtumisteks teistega.\t\t\t\t\t<\/div>\n\t\t\t\t\t\t\t\t\t<\/div>\n\t\t\t\t\t\t<div class=\"elementor-testimonial__footer\">\n\t\t\t\t\t\t\t\t\t<div class=\"elementor-testimonial__image\">\n\t\t\t\t\t\t<img decoding=\"async\" src=\"https:\/\/marissaar.com\/wp-content\/uploads\/2022\/11\/Agnes-Karro-a.jpeg\" alt=\"Agnes Karro\">\n\t\t\t\t\t\t\t\t\t\t\t<\/div>\n\t\t\t\t\t\t\t\t<cite class=\"elementor-testimonial__cite\"><span class=\"elementor-testimonial__name\">Agnes Karro<\/span><span class=\"elementor-testimonial__title\">Teadliku elu- ja tervisetreeningute juhendaja<\/span><\/cite>\t\t\t<\/div>\n\t\t<\/div>\n\t\t\t\t\t\t\t\t<\/div>\n\t\t\t\t\t\t\t\t\t<\/div>\n\t\t\t\t\t\t\t\t\t\t\t\t\t\t\t<div class=\"swiper-pagination\"><\/div>\n\t\t\t\t\t\t\t\t\t\t\t\t\t\t\t\t<div class=\"elementor-swiper-button elementor-swiper-button-prev\" role=\"button\" tabindex=\"0\">\n\t\t\t\t\t\t\t<i aria-hidden=\"true\" class=\"eicon-chevron-left\"><\/i>\t\t\t\t\t\t\t<span class=\"elementor-screen-only\">Previous<\/span>\n\t\t\t\t\t\t<\/div>\n\t\t\t\t\t\t<div class=\"elementor-swiper-button elementor-swiper-button-next\" role=\"button\" tabindex=\"0\">\n\t\t\t\t\t\t\t<i aria-hidden=\"true\" class=\"eicon-chevron-right\"><\/i>\t\t\t\t\t\t\t<span class=\"elementor-screen-only\">Next<\/span>\n\t\t\t\t\t\t<\/div>\n\t\t\t\t\t\t\t\t\t\t\t\t<\/div>\n\t\t<\/div>\n\t\t\t\t<\/div>\n\t\t\t\t<\/div>\n\t\t\t\t\t<\/div>\n\t\t<\/div>\n\t\t\t\t\t<\/div>\n\t\t<\/section>\n\t\t\t\t<section class=\"elementor-section elementor-top-section elementor-element elementor-element-1e69fcc elementor-hidden-desktop elementor-hidden-tablet elementor-section-boxed elementor-section-height-default elementor-section-height-default\" data-id=\"1e69fcc\" data-element_type=\"section\" data-settings=\"{&quot;background_background&quot;:&quot;classic&quot;,&quot;jet_parallax_layout_list&quot;:[]}\">\n\t\t\t\t\t\t<div class=\"elementor-container elementor-column-gap-default\">\n\t\t\t\t\t<div class=\"elementor-column elementor-col-100 elementor-top-column elementor-element elementor-element-95dfe6b\" data-id=\"95dfe6b\" data-element_type=\"column\">\n\t\t\t<div class=\"elementor-widget-wrap elementor-element-populated\">\n\t\t\t\t\t\t<div class=\"elementor-element elementor-element-1bcb8b2 elementor-widget elementor-widget-menu-anchor\" data-id=\"1bcb8b2\" data-element_type=\"widget\" data-widget_type=\"menu-anchor.default\">\n\t\t\t\t<div class=\"elementor-widget-container\">\n\t\t\t\t\t<div class=\"elementor-menu-anchor\" id=\"testimonials\"><\/div>\n\t\t\t\t<\/div>\n\t\t\t\t<\/div>\n\t\t\t\t<div class=\"elementor-element elementor-element-b16c4c7 elementor-widget elementor-widget-text-editor\" data-id=\"b16c4c7\" data-element_type=\"widget\" data-widget_type=\"text-editor.default\">\n\t\t\t\t<div class=\"elementor-widget-container\">\n\t\t\t\t\t\t\t<p>Client testimonials<\/p>\t\t\t\t\t\t<\/div>\n\t\t\t\t<\/div>\n\t\t\t\t<div class=\"elementor-element elementor-element-6822218 elementor-widget elementor-widget-text-editor\" data-id=\"6822218\" data-element_type=\"widget\" data-widget_type=\"text-editor.default\">\n\t\t\t\t<div class=\"elementor-widget-container\">\n\t\t\t\t\t\t\tWhat other professionals <span style=\"color: #cd9b38;\">have gotten <\/span> from <span style=\"color: #cd9b38;\">my work<\/span>\t\t\t\t\t\t<\/div>\n\t\t\t\t<\/div>\n\t\t\t\t<div class=\"elementor-element elementor-element-1f16018 elementor-testimonial--skin-bubble elementor-testimonial--layout-image_above elementor-testimonial--mobile-align-center elementor-testimonial--align-center elementor-arrows-yes elementor-pagination-type-bullets elementor-widget elementor-widget-testimonial-carousel\" data-id=\"1f16018\" data-element_type=\"widget\" data-settings=\"{&quot;space_between&quot;:{&quot;unit&quot;:&quot;px&quot;,&quot;size&quot;:20,&quot;sizes&quot;:[]},&quot;show_arrows&quot;:&quot;yes&quot;,&quot;pagination&quot;:&quot;bullets&quot;,&quot;speed&quot;:500,&quot;autoplay&quot;:&quot;yes&quot;,&quot;autoplay_speed&quot;:5000,&quot;loop&quot;:&quot;yes&quot;,&quot;pause_on_hover&quot;:&quot;yes&quot;,&quot;pause_on_interaction&quot;:&quot;yes&quot;,&quot;space_between_tablet&quot;:{&quot;unit&quot;:&quot;px&quot;,&quot;size&quot;:10,&quot;sizes&quot;:[]},&quot;space_between_mobile&quot;:{&quot;unit&quot;:&quot;px&quot;,&quot;size&quot;:10,&quot;sizes&quot;:[]}}\" data-widget_type=\"testimonial-carousel.default\">\n\t\t\t\t<div class=\"elementor-widget-container\">\n\t\t\t\t\t<div class=\"elementor-swiper\">\n\t\t\t<div class=\"elementor-main-swiper swiper\">\n\t\t\t\t<div class=\"swiper-wrapper\">\n\t\t\t\t\t\t\t\t\t\t\t<div class=\"swiper-slide\">\n\t\t\t\t\t\t\t\t\t<div class=\"elementor-testimonial\">\n\t\t\t\t\t\t\t<div class=\"elementor-testimonial__content\">\n\t\t\t\t\t<div class=\"elementor-testimonial__text\">\n\t\t\t\t\t\tI highly value efficiency and intelligently reaching results. That is why cooperation with Maris has been extremely enjoyable and effective for me. During my hypnosis sessions, I have felt in good hands, supported, and cared for. Maris is very professional in her work and quickly finds the root causes of problems and solutions to change those causes. I have been new to the experience of hypnosis, but Maris' wealth of experience allows her to always find the easiest way to help me let go of control and allow myself to get the most out of the session. The most exciting thing has been for me to experience the changes that have occurred as a result of hypnosis and to notice how I make different choices and decisions that are no longer limited by my internal limitations.\t\t\t\t\t<\/div>\n\t\t\t\t\t\t\t\t\t<\/div>\n\t\t\t\t\t\t<div class=\"elementor-testimonial__footer\">\n\t\t\t\t\t\t\t\t\t<div class=\"elementor-testimonial__image\">\n\t\t\t\t\t\t<img decoding=\"async\" src=\"https:\/\/marissaar.com\/wp-content\/uploads\/2022\/08\/Annela-Aun-testimonial.jpg\" alt=\"Annela Aun\">\n\t\t\t\t\t\t\t\t\t\t\t<\/div>\n\t\t\t\t\t\t\t\t<cite class=\"elementor-testimonial__cite\"><span class=\"elementor-testimonial__name\">Annela Aun<\/span><span class=\"elementor-testimonial__title\">Entrepreneur | Business Coach<\/span><\/cite>\t\t\t<\/div>\n\t\t<\/div>\n\t\t\t\t\t\t\t\t<\/div>\n\t\t\t\t\t\t\t\t\t\t\t<div class=\"swiper-slide\">\n\t\t\t\t\t\t\t\t\t<div class=\"elementor-testimonial\">\n\t\t\t\t\t\t\t<div class=\"elementor-testimonial__content\">\n\t\t\t\t\t<div class=\"elementor-testimonial__text\">\n\t\t\t\t\t\tEveryone's journey in life is special and different. Whether or not to come to the training was not a question in my case, because the need to find something new and exciting had been brewing in my heart for a long time, and the previously learned coaching, which could not be practiced immediately, added extra motivation. When I read the training program, I realized that it has everything I need, and so many exciting things were added during the learning process that I am sincerely grateful and happy for my broadened worldview already today! Well, trainer Maris, I can't ask for more, because the professionalism, support and trust and stories of experiences complemented themselves during the whole course. Let's trust the voice of our heart and dare to try new experiences, learn and develop! Thank you Maris already today!\t\t\t\t\t<\/div>\n\t\t\t\t\t\t\t\t\t<\/div>\n\t\t\t\t\t\t<div class=\"elementor-testimonial__footer\">\n\t\t\t\t\t\t\t\t\t<div class=\"elementor-testimonial__image\">\n\t\t\t\t\t\t<img decoding=\"async\" src=\"https:\/\/marissaar.com\/wp-content\/uploads\/2022\/08\/Heila-Tabas.jpg\" alt=\"Helia Tabas\">\n\t\t\t\t\t\t\t\t\t\t\t<\/div>\n\t\t\t\t\t\t\t\t<cite class=\"elementor-testimonial__cite\"><span class=\"elementor-testimonial__name\">Helia Tabas<\/span><span class=\"elementor-testimonial__title\">HR Manager | Life Coach, Hypnotheraphist<\/span><\/cite>\t\t\t<\/div>\n\t\t<\/div>\n\t\t\t\t\t\t\t\t<\/div>\n\t\t\t\t\t\t\t\t\t\t\t<div class=\"swiper-slide\">\n\t\t\t\t\t\t\t\t\t<div class=\"elementor-testimonial\">\n\t\t\t\t\t\t\t<div class=\"elementor-testimonial__content\">\n\t\t\t\t\t<div class=\"elementor-testimonial__text\">\n\t\t\t\t\t\tMaris's trainings are on a completely different level! She is amazing in creating a space where all participants feel included and there isn't once a feeling that you are too tired or unfocused to receive all the information. Her energy and the way she hosts her courses helps all participants to stay sharp and get maximum amount of knowledge, as well as practice through excercises. She is very professional and her trainings are of very high quality. Additional value comes from taking into account each individual's preferences, and she is there to help and guide even after the training.\t\t\t\t\t<\/div>\n\t\t\t\t\t\t\t\t\t<\/div>\n\t\t\t\t\t\t<div class=\"elementor-testimonial__footer\">\n\t\t\t\t\t\t\t\t\t<div class=\"elementor-testimonial__image\">\n\t\t\t\t\t\t<img decoding=\"async\" src=\"https:\/\/marissaar.com\/wp-content\/uploads\/2022\/09\/Christian-1.jpg\" alt=\"Christjan Schumann\">\n\t\t\t\t\t\t\t\t\t\t\t<\/div>\n\t\t\t\t\t\t\t\t<cite class=\"elementor-testimonial__cite\"><span class=\"elementor-testimonial__name\">Christjan Schumann<\/span><span class=\"elementor-testimonial__title\">Partner & COO at Clanbeat | Business & Leadership Consultant and Coach<\/span><\/cite>\t\t\t<\/div>\n\t\t<\/div>\n\t\t\t\t\t\t\t\t<\/div>\n\t\t\t\t\t\t\t\t\t<\/div>\n\t\t\t\t\t\t\t\t\t\t\t\t\t\t\t<div class=\"swiper-pagination\"><\/div>\n\t\t\t\t\t\t\t\t\t\t\t\t\t\t\t\t<div class=\"elementor-swiper-button elementor-swiper-button-prev\" role=\"button\" tabindex=\"0\">\n\t\t\t\t\t\t\t<i aria-hidden=\"true\" class=\"eicon-chevron-left\"><\/i>\t\t\t\t\t\t\t<span class=\"elementor-screen-only\">Previous<\/span>\n\t\t\t\t\t\t<\/div>\n\t\t\t\t\t\t<div class=\"elementor-swiper-button elementor-swiper-button-next\" role=\"button\" tabindex=\"0\">\n\t\t\t\t\t\t\t<i aria-hidden=\"true\" class=\"eicon-chevron-right\"><\/i>\t\t\t\t\t\t\t<span class=\"elementor-screen-only\">Next<\/span>\n\t\t\t\t\t\t<\/div>\n\t\t\t\t\t\t\t\t\t\t\t\t<\/div>\n\t\t<\/div>\n\t\t\t\t<\/div>\n\t\t\t\t<\/div>\n\t\t\t\t\t<\/div>\n\t\t<\/div>\n\t\t\t\t\t<\/div>\n\t\t<\/section>\n\t\t\t\t<\/div>\n\t\t","protected":false},"excerpt":{"rendered":"<p>Sinu ostukorv Sinu ostukorv on hetkel t\u00fchi. Klientide tagasiside Millist m\u00f5ju on seansid osalejas loonud? Ma hindan k\u00f5rgelt efektiivsust ja targalt tulemusteni j\u00f5udmist. Seet\u00f5ttu on just koost\u00f6\u00f6 Marisega olnud minu jaoks \u00e4\u00e4rmiselt nauditav ja tulemuslik. H\u00fcpnoosi sessioonide ajal olen tundud end kindlates k\u00e4tes, toetatud ja hoituna. Maris on oma t\u00f6\u00f6s v\u00e4ga professionaalne ja leiab kiiresti [&hellip;]<\/p>\n","protected":false},"author":1,"featured_media":0,"parent":0,"menu_order":0,"comment_status":"closed","ping_status":"closed","template":"","meta":{"footnotes":""},"class_list":["post-1784","page","type-page","status-publish","hentry"],"_links":{"self":[{"href":"https:\/\/marissaar.com\/et\/wp-json\/wp\/v2\/pages\/1784"}],"collection":[{"href":"https:\/\/marissaar.com\/et\/wp-json\/wp\/v2\/pages"}],"about":[{"href":"https:\/\/marissaar.com\/et\/wp-json\/wp\/v2\/types\/page"}],"author":[{"embeddable":true,"href":"https:\/\/marissaar.com\/et\/wp-json\/wp\/v2\/users\/1"}],"replies":[{"embeddable":true,"href":"https:\/\/marissaar.com\/et\/wp-json\/wp\/v2\/comments?post=1784"}],"version-history":[{"count":5,"href":"https:\/\/marissaar.com\/et\/wp-json\/wp\/v2\/pages\/1784\/revisions"}],"predecessor-version":[{"id":4223,"href":"https:\/\/marissaar.com\/et\/wp-json\/wp\/v2\/pages\/1784\/revisions\/4223"}],"wp:attachment":[{"href":"https:\/\/marissaar.com\/et\/wp-json\/wp\/v2\/media?parent=1784"}],"curies":[{"name":"wp","href":"https:\/\/api.w.org\/{rel}","templated":true}]}}